{"id":3221,"date":"2024-05-15T10:13:58","date_gmt":"2024-05-15T10:13:58","guid":{"rendered":"https:\/\/loris.ba\/?post_type=product&#038;p=3221"},"modified":"2025-04-01T12:49:29","modified_gmt":"2025-04-01T12:49:29","slug":"stap-mivardi-nitrium-feeder-390h-40-100g-loris-doboj-ribolov","status":"publish","type":"product","link":"https:\/\/loris.ba\/index.php\/product\/stap-mivardi-nitrium-feeder-390h-40-100g-loris-doboj-ribolov\/","title":{"rendered":"\u0160tap MIVARDI NITRIUM FEEDER 390H 40-100g"},"content":{"rendered":"<p>Model feeder \u0161tapa dizajniran za lov \u0161arana i drugih velikih vrsta. Od prvog trenutka \u0107e vas odu\u0161eviti savr\u0161eno tanak blank koji je jo\u0161 uvijek vrlo jak i nudi dovoljnu rezervu snage kada lovite veliku ribu. Velike vodilice \u010dine zabacivanje na velike udaljenosti zaista lakim. Ovaj \u0161tap dolazi sa 3 karbonska vrha.<\/p>\n<p>Parameters:<\/p>\n<ul>\n<li>Length 3.90 m<\/li>\n<li>Number of pieces in package 1<\/li>\n<li>Diameter spare tip 2,8 mm<\/li>\n<li>Casting Weight 40 &#8211; 100 g<\/li>\n<li>Size tip lenght 525 mm<\/li>\n<li>Sections 3 + 3<\/li>\n<li>Tips 3 &#8211; 1,0 oz , 2,0 oz , 3,0 oz<\/li>\n<li>Material tips 3 x carbon<\/li>\n<li>Transport Length 134 cm<\/li>\n<\/ul>\n","protected":false},"excerpt":{"rendered":"<p>\u0160tap MIVARDI NITRIUM FEEDER 390H 40-100g<\/p>\n","protected":false},"featured_media":3228,"template":"","meta":[],"pwb-brand":[1093],"product_brand":[],"product_cat":[35],"product_tag":[1422,1430,237,284,1094,1429],"class_list":{"0":"post-3221","1":"product","2":"type-product","3":"status-publish","4":"has-post-thumbnail","6":"pwb-brand-mivardi","7":"product_cat-feeder-stapovi","8":"product_tag-390h","9":"product_tag-40-100-g","10":"product_tag-feeder","11":"product_tag-loris-doboj","12":"product_tag-mivardi","13":"product_tag-nitrium","15":"first","16":"instock","17":"taxable","18":"shipping-taxable","19":"purchasable","20":"product-type-simple"},"yoast_head":"<!-- This site is optimized with the Yoast SEO plugin v25.0 - https:\/\/yoast.com\/wordpress\/plugins\/seo\/ -->\n<title>\u0160tap MIVARDI NITRIUM FEEDER 390H 40-100g - Loris Doboj<\/title>\n<meta name=\"description\" content=\"\u0160tap MIVARDI NITRIUM FEEDER 390H 40-100g Loris Doboj ribolov\" \/>\n<meta name=\"robots\" content=\"index, follow, max-snippet:-1, max-image-preview:large, max-video-preview:-1\" \/>\n<link rel=\"canonical\" href=\"https:\/\/loris.ba\/index.php\/product\/stap-mivardi-nitrium-feeder-390h-40-100g-loris-doboj-ribolov\/\" \/>\n<meta property=\"og:locale\" content=\"bs_BA\" \/>\n<meta property=\"og:type\" content=\"article\" \/>\n<meta property=\"og:title\" content=\"\u0160tap MIVARDI NITRIUM FEEDER 390H 40-100g - Loris Doboj\" \/>\n<meta property=\"og:description\" content=\"\u0160tap MIVARDI NITRIUM FEEDER 390H 40-100g Loris Doboj ribolov\" \/>\n<meta property=\"og:url\" content=\"https:\/\/loris.ba\/index.php\/product\/stap-mivardi-nitrium-feeder-390h-40-100g-loris-doboj-ribolov\/\" \/>\n<meta property=\"og:site_name\" content=\"Loris Doboj\" \/>\n<meta property=\"article:publisher\" content=\"https:\/\/www.facebook.com\/lorisdoboj\/?locale=hr_HR\" \/>\n<meta property=\"article:modified_time\" content=\"2025-04-01T12:49:29+00:00\" \/>\n<meta property=\"og:image\" content=\"https:\/\/loris.ba\/wp-content\/uploads\/2024\/05\/1stap-MIVARDI-NITRIUM-FEEDER-360H-30-90-g.jpg\" \/>\n\t<meta property=\"og:image:width\" content=\"652\" \/>\n\t<meta property=\"og:image:height\" content=\"652\" \/>\n\t<meta property=\"og:image:type\" content=\"image\/jpeg\" \/>\n<meta name=\"twitter:card\" content=\"summary_large_image\" \/>\n<meta name=\"twitter:label1\" content=\"Est. reading time\" \/>\n\t<meta name=\"twitter:data1\" content=\"1 minuta\" \/>\n<script type=\"application\/ld+json\" class=\"yoast-schema-graph\">{\"@context\":\"https:\/\/schema.org\",\"@graph\":[{\"@type\":\"WebPage\",\"@id\":\"https:\/\/loris.ba\/index.php\/product\/stap-mivardi-nitrium-feeder-390h-40-100g-loris-doboj-ribolov\/\",\"url\":\"https:\/\/loris.ba\/index.php\/product\/stap-mivardi-nitrium-feeder-390h-40-100g-loris-doboj-ribolov\/\",\"name\":\"\u0160tap MIVARDI NITRIUM FEEDER 390H 40-100g - Loris Doboj\",\"isPartOf\":{\"@id\":\"https:\/\/loris.ba\/#website\"},\"primaryImageOfPage\":{\"@id\":\"https:\/\/loris.ba\/index.php\/product\/stap-mivardi-nitrium-feeder-390h-40-100g-loris-doboj-ribolov\/#primaryimage\"},\"image\":{\"@id\":\"https:\/\/loris.ba\/index.php\/product\/stap-mivardi-nitrium-feeder-390h-40-100g-loris-doboj-ribolov\/#primaryimage\"},\"thumbnailUrl\":\"https:\/\/loris.ba\/wp-content\/uploads\/2024\/05\/1stap-MIVARDI-NITRIUM-FEEDER-360H-30-90-g.jpg\",\"datePublished\":\"2024-05-15T10:13:58+00:00\",\"dateModified\":\"2025-04-01T12:49:29+00:00\",\"description\":\"\u0160tap MIVARDI NITRIUM FEEDER 390H 40-100g Loris Doboj ribolov\",\"breadcrumb\":{\"@id\":\"https:\/\/loris.ba\/index.php\/product\/stap-mivardi-nitrium-feeder-390h-40-100g-loris-doboj-ribolov\/#breadcrumb\"},\"inLanguage\":\"bs-BA\",\"potentialAction\":[{\"@type\":\"ReadAction\",\"target\":[\"https:\/\/loris.ba\/index.php\/product\/stap-mivardi-nitrium-feeder-390h-40-100g-loris-doboj-ribolov\/\"]}]},{\"@type\":\"ImageObject\",\"inLanguage\":\"bs-BA\",\"@id\":\"https:\/\/loris.ba\/index.php\/product\/stap-mivardi-nitrium-feeder-390h-40-100g-loris-doboj-ribolov\/#primaryimage\",\"url\":\"https:\/\/loris.ba\/wp-content\/uploads\/2024\/05\/1stap-MIVARDI-NITRIUM-FEEDER-360H-30-90-g.jpg\",\"contentUrl\":\"https:\/\/loris.ba\/wp-content\/uploads\/2024\/05\/1stap-MIVARDI-NITRIUM-FEEDER-360H-30-90-g.jpg\",\"width\":652,\"height\":652,\"caption\":\"stap MIVARDI NITRIUM FEEDER 360H 30 - 90 g\"},{\"@type\":\"BreadcrumbList\",\"@id\":\"https:\/\/loris.ba\/index.php\/product\/stap-mivardi-nitrium-feeder-390h-40-100g-loris-doboj-ribolov\/#breadcrumb\",\"itemListElement\":[{\"@type\":\"ListItem\",\"position\":1,\"name\":\"Home\",\"item\":\"https:\/\/loris.ba\/\"},{\"@type\":\"ListItem\",\"position\":2,\"name\":\"Ribolova\u010dka oprema Loris Doboj\",\"item\":\"https:\/\/loris.ba\/\"},{\"@type\":\"ListItem\",\"position\":3,\"name\":\"\u0160tap MIVARDI NITRIUM FEEDER 390H 40-100g\"}]},{\"@type\":\"WebSite\",\"@id\":\"https:\/\/loris.ba\/#website\",\"url\":\"https:\/\/loris.ba\/\",\"name\":\"Loris Doboj\",\"description\":\"Prodavnica opreme za lov i ribolov Doboj\",\"publisher\":{\"@id\":\"https:\/\/loris.ba\/#organization\"},\"alternateName\":\"loris lov i ribolov\",\"potentialAction\":[{\"@type\":\"SearchAction\",\"target\":{\"@type\":\"EntryPoint\",\"urlTemplate\":\"https:\/\/loris.ba\/?s={search_term_string}\"},\"query-input\":{\"@type\":\"PropertyValueSpecification\",\"valueRequired\":true,\"valueName\":\"search_term_string\"}}],\"inLanguage\":\"bs-BA\"},{\"@type\":\"Organization\",\"@id\":\"https:\/\/loris.ba\/#organization\",\"name\":\"Loris Doboj\",\"url\":\"https:\/\/loris.ba\/\",\"logo\":{\"@type\":\"ImageObject\",\"inLanguage\":\"bs-BA\",\"@id\":\"https:\/\/loris.ba\/#\/schema\/logo\/image\/\",\"url\":\"https:\/\/loris.ba\/wp-content\/uploads\/2024\/02\/cropped-android-chrome-512x512-1.png\",\"contentUrl\":\"https:\/\/loris.ba\/wp-content\/uploads\/2024\/02\/cropped-android-chrome-512x512-1.png\",\"width\":512,\"height\":512,\"caption\":\"Loris Doboj\"},\"image\":{\"@id\":\"https:\/\/loris.ba\/#\/schema\/logo\/image\/\"},\"sameAs\":[\"https:\/\/www.facebook.com\/lorisdoboj\/?locale=hr_HR\"]}]}<\/script>\n<!-- \/ Yoast SEO plugin. -->","yoast_head_json":{"title":"\u0160tap MIVARDI NITRIUM FEEDER 390H 40-100g - Loris Doboj","description":"\u0160tap MIVARDI NITRIUM FEEDER 390H 40-100g Loris Doboj ribolov","robots":{"index":"index","follow":"follow","max-snippet":"max-snippet:-1","max-image-preview":"max-image-preview:large","max-video-preview":"max-video-preview:-1"},"canonical":"https:\/\/loris.ba\/index.php\/product\/stap-mivardi-nitrium-feeder-390h-40-100g-loris-doboj-ribolov\/","og_locale":"bs_BA","og_type":"article","og_title":"\u0160tap MIVARDI NITRIUM FEEDER 390H 40-100g - Loris Doboj","og_description":"\u0160tap MIVARDI NITRIUM FEEDER 390H 40-100g Loris Doboj ribolov","og_url":"https:\/\/loris.ba\/index.php\/product\/stap-mivardi-nitrium-feeder-390h-40-100g-loris-doboj-ribolov\/","og_site_name":"Loris Doboj","article_publisher":"https:\/\/www.facebook.com\/lorisdoboj\/?locale=hr_HR","article_modified_time":"2025-04-01T12:49:29+00:00","og_image":[{"width":652,"height":652,"url":"https:\/\/loris.ba\/wp-content\/uploads\/2024\/05\/1stap-MIVARDI-NITRIUM-FEEDER-360H-30-90-g.jpg","type":"image\/jpeg"}],"twitter_card":"summary_large_image","twitter_misc":{"Est. reading time":"1 minuta"},"schema":{"@context":"https:\/\/schema.org","@graph":[{"@type":"WebPage","@id":"https:\/\/loris.ba\/index.php\/product\/stap-mivardi-nitrium-feeder-390h-40-100g-loris-doboj-ribolov\/","url":"https:\/\/loris.ba\/index.php\/product\/stap-mivardi-nitrium-feeder-390h-40-100g-loris-doboj-ribolov\/","name":"\u0160tap MIVARDI NITRIUM FEEDER 390H 40-100g - Loris Doboj","isPartOf":{"@id":"https:\/\/loris.ba\/#website"},"primaryImageOfPage":{"@id":"https:\/\/loris.ba\/index.php\/product\/stap-mivardi-nitrium-feeder-390h-40-100g-loris-doboj-ribolov\/#primaryimage"},"image":{"@id":"https:\/\/loris.ba\/index.php\/product\/stap-mivardi-nitrium-feeder-390h-40-100g-loris-doboj-ribolov\/#primaryimage"},"thumbnailUrl":"https:\/\/loris.ba\/wp-content\/uploads\/2024\/05\/1stap-MIVARDI-NITRIUM-FEEDER-360H-30-90-g.jpg","datePublished":"2024-05-15T10:13:58+00:00","dateModified":"2025-04-01T12:49:29+00:00","description":"\u0160tap MIVARDI NITRIUM FEEDER 390H 40-100g Loris Doboj ribolov","breadcrumb":{"@id":"https:\/\/loris.ba\/index.php\/product\/stap-mivardi-nitrium-feeder-390h-40-100g-loris-doboj-ribolov\/#breadcrumb"},"inLanguage":"bs-BA","potentialAction":[{"@type":"ReadAction","target":["https:\/\/loris.ba\/index.php\/product\/stap-mivardi-nitrium-feeder-390h-40-100g-loris-doboj-ribolov\/"]}]},{"@type":"ImageObject","inLanguage":"bs-BA","@id":"https:\/\/loris.ba\/index.php\/product\/stap-mivardi-nitrium-feeder-390h-40-100g-loris-doboj-ribolov\/#primaryimage","url":"https:\/\/loris.ba\/wp-content\/uploads\/2024\/05\/1stap-MIVARDI-NITRIUM-FEEDER-360H-30-90-g.jpg","contentUrl":"https:\/\/loris.ba\/wp-content\/uploads\/2024\/05\/1stap-MIVARDI-NITRIUM-FEEDER-360H-30-90-g.jpg","width":652,"height":652,"caption":"stap MIVARDI NITRIUM FEEDER 360H 30 - 90 g"},{"@type":"BreadcrumbList","@id":"https:\/\/loris.ba\/index.php\/product\/stap-mivardi-nitrium-feeder-390h-40-100g-loris-doboj-ribolov\/#breadcrumb","itemListElement":[{"@type":"ListItem","position":1,"name":"Home","item":"https:\/\/loris.ba\/"},{"@type":"ListItem","position":2,"name":"Ribolova\u010dka oprema Loris Doboj","item":"https:\/\/loris.ba\/"},{"@type":"ListItem","position":3,"name":"\u0160tap MIVARDI NITRIUM FEEDER 390H 40-100g"}]},{"@type":"WebSite","@id":"https:\/\/loris.ba\/#website","url":"https:\/\/loris.ba\/","name":"Loris Doboj","description":"Prodavnica opreme za lov i ribolov Doboj","publisher":{"@id":"https:\/\/loris.ba\/#organization"},"alternateName":"loris lov i ribolov","potentialAction":[{"@type":"SearchAction","target":{"@type":"EntryPoint","urlTemplate":"https:\/\/loris.ba\/?s={search_term_string}"},"query-input":{"@type":"PropertyValueSpecification","valueRequired":true,"valueName":"search_term_string"}}],"inLanguage":"bs-BA"},{"@type":"Organization","@id":"https:\/\/loris.ba\/#organization","name":"Loris Doboj","url":"https:\/\/loris.ba\/","logo":{"@type":"ImageObject","inLanguage":"bs-BA","@id":"https:\/\/loris.ba\/#\/schema\/logo\/image\/","url":"https:\/\/loris.ba\/wp-content\/uploads\/2024\/02\/cropped-android-chrome-512x512-1.png","contentUrl":"https:\/\/loris.ba\/wp-content\/uploads\/2024\/02\/cropped-android-chrome-512x512-1.png","width":512,"height":512,"caption":"Loris Doboj"},"image":{"@id":"https:\/\/loris.ba\/#\/schema\/logo\/image\/"},"sameAs":["https:\/\/www.facebook.com\/lorisdoboj\/?locale=hr_HR"]}]}},"jetpack_sharing_enabled":true,"brands":[{"id":1093,"name":"Mivardi","slug":"mivardi"}],"_links":{"self":[{"href":"https:\/\/loris.ba\/index.php\/wp-json\/wp\/v2\/product\/3221","targetHints":{"allow":["GET"]}}],"collection":[{"href":"https:\/\/loris.ba\/index.php\/wp-json\/wp\/v2\/product"}],"about":[{"href":"https:\/\/loris.ba\/index.php\/wp-json\/wp\/v2\/types\/product"}],"wp:featuredmedia":[{"embeddable":true,"href":"https:\/\/loris.ba\/index.php\/wp-json\/wp\/v2\/media\/3228"}],"wp:attachment":[{"href":"https:\/\/loris.ba\/index.php\/wp-json\/wp\/v2\/media?parent=3221"}],"wp:term":[{"taxonomy":"pwb-brand","embeddable":true,"href":"https:\/\/loris.ba\/index.php\/wp-json\/wp\/v2\/pwb-brand?post=3221"},{"taxonomy":"product_brand","embeddable":true,"href":"https:\/\/loris.ba\/index.php\/wp-json\/wp\/v2\/product_brand?post=3221"},{"taxonomy":"product_cat","embeddable":true,"href":"https:\/\/loris.ba\/index.php\/wp-json\/wp\/v2\/product_cat?post=3221"},{"taxonomy":"product_tag","embeddable":true,"href":"https:\/\/loris.ba\/index.php\/wp-json\/wp\/v2\/product_tag?post=3221"}],"curies":[{"name":"wp","href":"https:\/\/api.w.org\/{rel}","templated":true}]}}