{"id":4589,"date":"2024-06-19T13:00:21","date_gmt":"2024-06-19T13:00:21","guid":{"rendered":"https:\/\/loris.ba\/?post_type=product&#038;p=4589"},"modified":"2025-04-02T08:09:37","modified_gmt":"2025-04-02T08:09:37","slug":"rapala-huskyjerk-hj-12-loris-doboj-ribolov","status":"publish","type":"product","link":"https:\/\/loris.ba\/index.php\/product\/rapala-huskyjerk-hj-12-loris-doboj-ribolov\/","title":{"rendered":"Rapala HUSKYJERK HJ 12"},"content":{"rendered":"<p>Savr\u0161eno izbalansiran, Husky Jerk\u00ae se mo\u017ee bacati ili kretati bilo kojom brzinom, a da istinito radi. Komora za zveckanje prenosi zvu\u010dne valove koji se poja\u010davaju kroz vodu.<\/p>\n","protected":false},"excerpt":{"rendered":"<p>Rapala HUSKYJERK HJ 12<\/p>\n","protected":false},"featured_media":4590,"template":"","meta":[],"pwb-brand":[192],"product_brand":[],"product_cat":[117],"product_tag":[1406,2009,2008,284,167,251],"class_list":{"0":"post-4589","1":"product","2":"type-product","3":"status-publish","4":"has-post-thumbnail","6":"pwb-brand-rapala","7":"product_cat-vobleri","8":"product_tag-12-cm","9":"product_tag-hj-12","10":"product_tag-huskyjerk","11":"product_tag-loris-doboj","12":"product_tag-rapala","13":"product_tag-vobler","14":"pa_dekor-rapala-clg","15":"pa_dekor-rapala-elj","16":"pa_dekor-rapala-gf","17":"pa_dekor-rapala-gpcl","19":"first","20":"instock","21":"taxable","22":"shipping-taxable","23":"purchasable","24":"product-type-variable"},"yoast_head":"<!-- This site is optimized with the Yoast SEO plugin v25.0 - https:\/\/yoast.com\/wordpress\/plugins\/seo\/ -->\n<title>Rapala HUSKYJERK HJ 12 - Loris Doboj<\/title>\n<meta name=\"description\" content=\"Rapala HUSKYJERK HJ 12 Loris Doboj ribolov\" \/>\n<meta name=\"robots\" content=\"index, follow, max-snippet:-1, max-image-preview:large, max-video-preview:-1\" \/>\n<link rel=\"canonical\" href=\"https:\/\/loris.ba\/index.php\/product\/rapala-huskyjerk-hj-12-loris-doboj-ribolov\/\" \/>\n<meta property=\"og:locale\" content=\"bs_BA\" \/>\n<meta property=\"og:type\" content=\"article\" \/>\n<meta property=\"og:title\" content=\"Rapala HUSKYJERK HJ 12 - Loris Doboj\" \/>\n<meta property=\"og:description\" content=\"Rapala HUSKYJERK HJ 12 Loris Doboj ribolov\" \/>\n<meta property=\"og:url\" content=\"https:\/\/loris.ba\/index.php\/product\/rapala-huskyjerk-hj-12-loris-doboj-ribolov\/\" \/>\n<meta property=\"og:site_name\" content=\"Loris Doboj\" \/>\n<meta property=\"article:publisher\" content=\"https:\/\/www.facebook.com\/lorisdoboj\/?locale=hr_HR\" \/>\n<meta property=\"article:modified_time\" content=\"2025-04-02T08:09:37+00:00\" \/>\n<meta property=\"og:image\" content=\"https:\/\/loris.ba\/wp-content\/uploads\/2024\/06\/1Rapala-HUSKYJERK-HJ-12.jpg\" \/>\n\t<meta property=\"og:image:width\" content=\"800\" \/>\n\t<meta property=\"og:image:height\" content=\"800\" \/>\n\t<meta property=\"og:image:type\" content=\"image\/jpeg\" \/>\n<meta name=\"twitter:card\" content=\"summary_large_image\" \/>\n<meta name=\"twitter:label1\" content=\"Est. reading time\" \/>\n\t<meta name=\"twitter:data1\" content=\"1 minuta\" \/>\n<script type=\"application\/ld+json\" class=\"yoast-schema-graph\">{\"@context\":\"https:\/\/schema.org\",\"@graph\":[{\"@type\":\"WebPage\",\"@id\":\"https:\/\/loris.ba\/index.php\/product\/rapala-huskyjerk-hj-12-loris-doboj-ribolov\/\",\"url\":\"https:\/\/loris.ba\/index.php\/product\/rapala-huskyjerk-hj-12-loris-doboj-ribolov\/\",\"name\":\"Rapala HUSKYJERK HJ 12 - Loris Doboj\",\"isPartOf\":{\"@id\":\"https:\/\/loris.ba\/#website\"},\"primaryImageOfPage\":{\"@id\":\"https:\/\/loris.ba\/index.php\/product\/rapala-huskyjerk-hj-12-loris-doboj-ribolov\/#primaryimage\"},\"image\":{\"@id\":\"https:\/\/loris.ba\/index.php\/product\/rapala-huskyjerk-hj-12-loris-doboj-ribolov\/#primaryimage\"},\"thumbnailUrl\":\"https:\/\/loris.ba\/wp-content\/uploads\/2024\/06\/1Rapala-HUSKYJERK-HJ-12.jpg\",\"datePublished\":\"2024-06-19T13:00:21+00:00\",\"dateModified\":\"2025-04-02T08:09:37+00:00\",\"description\":\"Rapala HUSKYJERK HJ 12 Loris Doboj ribolov\",\"breadcrumb\":{\"@id\":\"https:\/\/loris.ba\/index.php\/product\/rapala-huskyjerk-hj-12-loris-doboj-ribolov\/#breadcrumb\"},\"inLanguage\":\"bs-BA\",\"potentialAction\":[{\"@type\":\"ReadAction\",\"target\":[\"https:\/\/loris.ba\/index.php\/product\/rapala-huskyjerk-hj-12-loris-doboj-ribolov\/\"]}]},{\"@type\":\"ImageObject\",\"inLanguage\":\"bs-BA\",\"@id\":\"https:\/\/loris.ba\/index.php\/product\/rapala-huskyjerk-hj-12-loris-doboj-ribolov\/#primaryimage\",\"url\":\"https:\/\/loris.ba\/wp-content\/uploads\/2024\/06\/1Rapala-HUSKYJERK-HJ-12.jpg\",\"contentUrl\":\"https:\/\/loris.ba\/wp-content\/uploads\/2024\/06\/1Rapala-HUSKYJERK-HJ-12.jpg\",\"width\":800,\"height\":800,\"caption\":\"Rapala HUSKYJERK HJ 12\"},{\"@type\":\"BreadcrumbList\",\"@id\":\"https:\/\/loris.ba\/index.php\/product\/rapala-huskyjerk-hj-12-loris-doboj-ribolov\/#breadcrumb\",\"itemListElement\":[{\"@type\":\"ListItem\",\"position\":1,\"name\":\"Home\",\"item\":\"https:\/\/loris.ba\/\"},{\"@type\":\"ListItem\",\"position\":2,\"name\":\"Ribolova\u010dka oprema Loris Doboj\",\"item\":\"https:\/\/loris.ba\/\"},{\"@type\":\"ListItem\",\"position\":3,\"name\":\"Rapala HUSKYJERK HJ 12\"}]},{\"@type\":\"WebSite\",\"@id\":\"https:\/\/loris.ba\/#website\",\"url\":\"https:\/\/loris.ba\/\",\"name\":\"Loris Doboj\",\"description\":\"Prodavnica opreme za lov i ribolov Doboj\",\"publisher\":{\"@id\":\"https:\/\/loris.ba\/#organization\"},\"alternateName\":\"loris lov i ribolov\",\"potentialAction\":[{\"@type\":\"SearchAction\",\"target\":{\"@type\":\"EntryPoint\",\"urlTemplate\":\"https:\/\/loris.ba\/?s={search_term_string}\"},\"query-input\":{\"@type\":\"PropertyValueSpecification\",\"valueRequired\":true,\"valueName\":\"search_term_string\"}}],\"inLanguage\":\"bs-BA\"},{\"@type\":\"Organization\",\"@id\":\"https:\/\/loris.ba\/#organization\",\"name\":\"Loris Doboj\",\"url\":\"https:\/\/loris.ba\/\",\"logo\":{\"@type\":\"ImageObject\",\"inLanguage\":\"bs-BA\",\"@id\":\"https:\/\/loris.ba\/#\/schema\/logo\/image\/\",\"url\":\"https:\/\/loris.ba\/wp-content\/uploads\/2024\/02\/cropped-android-chrome-512x512-1.png\",\"contentUrl\":\"https:\/\/loris.ba\/wp-content\/uploads\/2024\/02\/cropped-android-chrome-512x512-1.png\",\"width\":512,\"height\":512,\"caption\":\"Loris Doboj\"},\"image\":{\"@id\":\"https:\/\/loris.ba\/#\/schema\/logo\/image\/\"},\"sameAs\":[\"https:\/\/www.facebook.com\/lorisdoboj\/?locale=hr_HR\"]}]}<\/script>\n<!-- \/ Yoast SEO plugin. -->","yoast_head_json":{"title":"Rapala HUSKYJERK HJ 12 - Loris Doboj","description":"Rapala HUSKYJERK HJ 12 Loris Doboj ribolov","robots":{"index":"index","follow":"follow","max-snippet":"max-snippet:-1","max-image-preview":"max-image-preview:large","max-video-preview":"max-video-preview:-1"},"canonical":"https:\/\/loris.ba\/index.php\/product\/rapala-huskyjerk-hj-12-loris-doboj-ribolov\/","og_locale":"bs_BA","og_type":"article","og_title":"Rapala HUSKYJERK HJ 12 - Loris Doboj","og_description":"Rapala HUSKYJERK HJ 12 Loris Doboj ribolov","og_url":"https:\/\/loris.ba\/index.php\/product\/rapala-huskyjerk-hj-12-loris-doboj-ribolov\/","og_site_name":"Loris Doboj","article_publisher":"https:\/\/www.facebook.com\/lorisdoboj\/?locale=hr_HR","article_modified_time":"2025-04-02T08:09:37+00:00","og_image":[{"width":800,"height":800,"url":"https:\/\/loris.ba\/wp-content\/uploads\/2024\/06\/1Rapala-HUSKYJERK-HJ-12.jpg","type":"image\/jpeg"}],"twitter_card":"summary_large_image","twitter_misc":{"Est. reading time":"1 minuta"},"schema":{"@context":"https:\/\/schema.org","@graph":[{"@type":"WebPage","@id":"https:\/\/loris.ba\/index.php\/product\/rapala-huskyjerk-hj-12-loris-doboj-ribolov\/","url":"https:\/\/loris.ba\/index.php\/product\/rapala-huskyjerk-hj-12-loris-doboj-ribolov\/","name":"Rapala HUSKYJERK HJ 12 - Loris Doboj","isPartOf":{"@id":"https:\/\/loris.ba\/#website"},"primaryImageOfPage":{"@id":"https:\/\/loris.ba\/index.php\/product\/rapala-huskyjerk-hj-12-loris-doboj-ribolov\/#primaryimage"},"image":{"@id":"https:\/\/loris.ba\/index.php\/product\/rapala-huskyjerk-hj-12-loris-doboj-ribolov\/#primaryimage"},"thumbnailUrl":"https:\/\/loris.ba\/wp-content\/uploads\/2024\/06\/1Rapala-HUSKYJERK-HJ-12.jpg","datePublished":"2024-06-19T13:00:21+00:00","dateModified":"2025-04-02T08:09:37+00:00","description":"Rapala HUSKYJERK HJ 12 Loris Doboj ribolov","breadcrumb":{"@id":"https:\/\/loris.ba\/index.php\/product\/rapala-huskyjerk-hj-12-loris-doboj-ribolov\/#breadcrumb"},"inLanguage":"bs-BA","potentialAction":[{"@type":"ReadAction","target":["https:\/\/loris.ba\/index.php\/product\/rapala-huskyjerk-hj-12-loris-doboj-ribolov\/"]}]},{"@type":"ImageObject","inLanguage":"bs-BA","@id":"https:\/\/loris.ba\/index.php\/product\/rapala-huskyjerk-hj-12-loris-doboj-ribolov\/#primaryimage","url":"https:\/\/loris.ba\/wp-content\/uploads\/2024\/06\/1Rapala-HUSKYJERK-HJ-12.jpg","contentUrl":"https:\/\/loris.ba\/wp-content\/uploads\/2024\/06\/1Rapala-HUSKYJERK-HJ-12.jpg","width":800,"height":800,"caption":"Rapala HUSKYJERK HJ 12"},{"@type":"BreadcrumbList","@id":"https:\/\/loris.ba\/index.php\/product\/rapala-huskyjerk-hj-12-loris-doboj-ribolov\/#breadcrumb","itemListElement":[{"@type":"ListItem","position":1,"name":"Home","item":"https:\/\/loris.ba\/"},{"@type":"ListItem","position":2,"name":"Ribolova\u010dka oprema Loris Doboj","item":"https:\/\/loris.ba\/"},{"@type":"ListItem","position":3,"name":"Rapala HUSKYJERK HJ 12"}]},{"@type":"WebSite","@id":"https:\/\/loris.ba\/#website","url":"https:\/\/loris.ba\/","name":"Loris Doboj","description":"Prodavnica opreme za lov i ribolov Doboj","publisher":{"@id":"https:\/\/loris.ba\/#organization"},"alternateName":"loris lov i ribolov","potentialAction":[{"@type":"SearchAction","target":{"@type":"EntryPoint","urlTemplate":"https:\/\/loris.ba\/?s={search_term_string}"},"query-input":{"@type":"PropertyValueSpecification","valueRequired":true,"valueName":"search_term_string"}}],"inLanguage":"bs-BA"},{"@type":"Organization","@id":"https:\/\/loris.ba\/#organization","name":"Loris Doboj","url":"https:\/\/loris.ba\/","logo":{"@type":"ImageObject","inLanguage":"bs-BA","@id":"https:\/\/loris.ba\/#\/schema\/logo\/image\/","url":"https:\/\/loris.ba\/wp-content\/uploads\/2024\/02\/cropped-android-chrome-512x512-1.png","contentUrl":"https:\/\/loris.ba\/wp-content\/uploads\/2024\/02\/cropped-android-chrome-512x512-1.png","width":512,"height":512,"caption":"Loris Doboj"},"image":{"@id":"https:\/\/loris.ba\/#\/schema\/logo\/image\/"},"sameAs":["https:\/\/www.facebook.com\/lorisdoboj\/?locale=hr_HR"]}]}},"jetpack_sharing_enabled":true,"brands":[{"id":192,"name":"Rapala","slug":"rapala"}],"_links":{"self":[{"href":"https:\/\/loris.ba\/index.php\/wp-json\/wp\/v2\/product\/4589","targetHints":{"allow":["GET"]}}],"collection":[{"href":"https:\/\/loris.ba\/index.php\/wp-json\/wp\/v2\/product"}],"about":[{"href":"https:\/\/loris.ba\/index.php\/wp-json\/wp\/v2\/types\/product"}],"wp:featuredmedia":[{"embeddable":true,"href":"https:\/\/loris.ba\/index.php\/wp-json\/wp\/v2\/media\/4590"}],"wp:attachment":[{"href":"https:\/\/loris.ba\/index.php\/wp-json\/wp\/v2\/media?parent=4589"}],"wp:term":[{"taxonomy":"pwb-brand","embeddable":true,"href":"https:\/\/loris.ba\/index.php\/wp-json\/wp\/v2\/pwb-brand?post=4589"},{"taxonomy":"product_brand","embeddable":true,"href":"https:\/\/loris.ba\/index.php\/wp-json\/wp\/v2\/product_brand?post=4589"},{"taxonomy":"product_cat","embeddable":true,"href":"https:\/\/loris.ba\/index.php\/wp-json\/wp\/v2\/product_cat?post=4589"},{"taxonomy":"product_tag","embeddable":true,"href":"https:\/\/loris.ba\/index.php\/wp-json\/wp\/v2\/product_tag?post=4589"}],"curies":[{"name":"wp","href":"https:\/\/api.w.org\/{rel}","templated":true}]}}