{"id":5594,"date":"2024-07-15T16:23:28","date_gmt":"2024-07-15T16:23:28","guid":{"rendered":"https:\/\/loris.ba\/?post_type=product&#038;p=5594"},"modified":"2025-03-25T09:15:57","modified_gmt":"2025-03-25T09:15:57","slug":"stap-abu-garcia-rod-devil-40-80g-274cm","status":"publish","type":"product","link":"https:\/\/loris.ba\/index.php\/product\/stap-abu-garcia-rod-devil-40-80g-274cm\/","title":{"rendered":"\u0160tap Abu Garcia rod devil 40-80g 274cm"},"content":{"rendered":"<p>Abu Garcia&#8217;s Devil asortiman je serija grafitnih \u0161tapova koja je vrlo pristupa\u010dna. Raznovrstan asortiman \u0161tapova za predenje i bacanje razli\u010ditih du\u017eina i te\u017eina zabacivanja. Blonci su jaki i imaju umjereno-brzo djelovanje. Sna\u017ene vodilice su izra\u0111ene od nehr\u0111aju\u0107eg \u010delika s dvostrukom nogom, paze\u0107i da je linija dobro vo\u0111ena. Idealan asortiman \u0161tapova za po\u010detnike! Karakteristike Carbon Composite blank, lagan i otporan Dvokrake TS kvalitetne vodilice, pogodne za mono i pletenu upotrebu Dr\u0161ka od plute Dizajn sa 2 dijela za lak transport.<\/p>\n<p>&nbsp;<\/p>\n","protected":false},"excerpt":{"rendered":"<p>\u0160tap Abu Garcia rod devil 40-80g 274cm<\/p>\n","protected":false},"featured_media":5593,"template":"","meta":[],"pwb-brand":[217],"product_brand":[],"product_cat":[21],"product_tag":[476,1452,2559,2561,284,2560,783],"class_list":{"0":"post-5594","1":"product","2":"type-product","3":"status-publish","4":"has-post-thumbnail","6":"pwb-brand-abu-garcia","7":"product_cat-varalicarski-stapovi","8":"product_tag-274-cm","9":"product_tag-40-80-g","10":"product_tag-abu-garica","11":"product_tag-devil","12":"product_tag-loris-doboj","13":"product_tag-rod","14":"product_tag-stap","16":"first","17":"outofstock","18":"taxable","19":"shipping-taxable","20":"purchasable","21":"product-type-simple"},"yoast_head":"<!-- This site is optimized with the Yoast SEO plugin v25.0 - https:\/\/yoast.com\/wordpress\/plugins\/seo\/ -->\n<title>\u0160tap Abu Garcia rod devil 40-80g 274cm - Loris Doboj<\/title>\n<meta name=\"description\" content=\"\u0160tap Abu Garcia rod devil 40-80g 274cm\" \/>\n<meta name=\"robots\" content=\"index, follow, max-snippet:-1, max-image-preview:large, max-video-preview:-1\" \/>\n<link rel=\"canonical\" href=\"https:\/\/loris.ba\/index.php\/product\/stap-abu-garcia-rod-devil-40-80g-274cm\/\" \/>\n<meta property=\"og:locale\" content=\"bs_BA\" \/>\n<meta property=\"og:type\" content=\"article\" \/>\n<meta property=\"og:title\" content=\"\u0160tap Abu Garcia rod devil 40-80g 274cm - Loris Doboj\" \/>\n<meta property=\"og:description\" content=\"\u0160tap Abu Garcia rod devil 40-80g 274cm\" \/>\n<meta property=\"og:url\" content=\"https:\/\/loris.ba\/index.php\/product\/stap-abu-garcia-rod-devil-40-80g-274cm\/\" \/>\n<meta property=\"og:site_name\" content=\"Loris Doboj\" \/>\n<meta property=\"article:publisher\" content=\"https:\/\/www.facebook.com\/lorisdoboj\/?locale=hr_HR\" \/>\n<meta property=\"article:modified_time\" content=\"2025-03-25T09:15:57+00:00\" \/>\n<meta property=\"og:image\" content=\"https:\/\/loris.ba\/wp-content\/uploads\/2024\/07\/Stap-Abu-Garcia-rod-devil-5-15g-213cm.jpg\" \/>\n\t<meta property=\"og:image:width\" content=\"740\" \/>\n\t<meta property=\"og:image:height\" content=\"676\" \/>\n\t<meta property=\"og:image:type\" content=\"image\/jpeg\" \/>\n<meta name=\"twitter:card\" content=\"summary_large_image\" \/>\n<meta name=\"twitter:label1\" content=\"Est. reading time\" \/>\n\t<meta name=\"twitter:data1\" content=\"1 minuta\" \/>\n<script type=\"application\/ld+json\" class=\"yoast-schema-graph\">{\"@context\":\"https:\/\/schema.org\",\"@graph\":[{\"@type\":\"WebPage\",\"@id\":\"https:\/\/loris.ba\/index.php\/product\/stap-abu-garcia-rod-devil-40-80g-274cm\/\",\"url\":\"https:\/\/loris.ba\/index.php\/product\/stap-abu-garcia-rod-devil-40-80g-274cm\/\",\"name\":\"\u0160tap Abu Garcia rod devil 40-80g 274cm - Loris Doboj\",\"isPartOf\":{\"@id\":\"https:\/\/loris.ba\/#website\"},\"primaryImageOfPage\":{\"@id\":\"https:\/\/loris.ba\/index.php\/product\/stap-abu-garcia-rod-devil-40-80g-274cm\/#primaryimage\"},\"image\":{\"@id\":\"https:\/\/loris.ba\/index.php\/product\/stap-abu-garcia-rod-devil-40-80g-274cm\/#primaryimage\"},\"thumbnailUrl\":\"https:\/\/loris.ba\/wp-content\/uploads\/2024\/07\/Stap-Abu-Garcia-rod-devil-5-15g-213cm.jpg\",\"datePublished\":\"2024-07-15T16:23:28+00:00\",\"dateModified\":\"2025-03-25T09:15:57+00:00\",\"description\":\"\u0160tap Abu Garcia rod devil 40-80g 274cm\",\"breadcrumb\":{\"@id\":\"https:\/\/loris.ba\/index.php\/product\/stap-abu-garcia-rod-devil-40-80g-274cm\/#breadcrumb\"},\"inLanguage\":\"bs-BA\",\"potentialAction\":[{\"@type\":\"ReadAction\",\"target\":[\"https:\/\/loris.ba\/index.php\/product\/stap-abu-garcia-rod-devil-40-80g-274cm\/\"]}]},{\"@type\":\"ImageObject\",\"inLanguage\":\"bs-BA\",\"@id\":\"https:\/\/loris.ba\/index.php\/product\/stap-abu-garcia-rod-devil-40-80g-274cm\/#primaryimage\",\"url\":\"https:\/\/loris.ba\/wp-content\/uploads\/2024\/07\/Stap-Abu-Garcia-rod-devil-5-15g-213cm.jpg\",\"contentUrl\":\"https:\/\/loris.ba\/wp-content\/uploads\/2024\/07\/Stap-Abu-Garcia-rod-devil-5-15g-213cm.jpg\",\"width\":740,\"height\":676,\"caption\":\"\u0160tap Abu Garcia rod devil 5-15g 213cm\"},{\"@type\":\"BreadcrumbList\",\"@id\":\"https:\/\/loris.ba\/index.php\/product\/stap-abu-garcia-rod-devil-40-80g-274cm\/#breadcrumb\",\"itemListElement\":[{\"@type\":\"ListItem\",\"position\":1,\"name\":\"Home\",\"item\":\"https:\/\/loris.ba\/\"},{\"@type\":\"ListItem\",\"position\":2,\"name\":\"Ribolova\u010dka oprema Loris Doboj\",\"item\":\"https:\/\/loris.ba\/\"},{\"@type\":\"ListItem\",\"position\":3,\"name\":\"\u0160tap Abu Garcia rod devil 40-80g 274cm\"}]},{\"@type\":\"WebSite\",\"@id\":\"https:\/\/loris.ba\/#website\",\"url\":\"https:\/\/loris.ba\/\",\"name\":\"Loris Doboj\",\"description\":\"Prodavnica opreme za lov i ribolov Doboj\",\"publisher\":{\"@id\":\"https:\/\/loris.ba\/#organization\"},\"alternateName\":\"loris lov i ribolov\",\"potentialAction\":[{\"@type\":\"SearchAction\",\"target\":{\"@type\":\"EntryPoint\",\"urlTemplate\":\"https:\/\/loris.ba\/?s={search_term_string}\"},\"query-input\":{\"@type\":\"PropertyValueSpecification\",\"valueRequired\":true,\"valueName\":\"search_term_string\"}}],\"inLanguage\":\"bs-BA\"},{\"@type\":\"Organization\",\"@id\":\"https:\/\/loris.ba\/#organization\",\"name\":\"Loris Doboj\",\"url\":\"https:\/\/loris.ba\/\",\"logo\":{\"@type\":\"ImageObject\",\"inLanguage\":\"bs-BA\",\"@id\":\"https:\/\/loris.ba\/#\/schema\/logo\/image\/\",\"url\":\"https:\/\/loris.ba\/wp-content\/uploads\/2024\/02\/cropped-android-chrome-512x512-1.png\",\"contentUrl\":\"https:\/\/loris.ba\/wp-content\/uploads\/2024\/02\/cropped-android-chrome-512x512-1.png\",\"width\":512,\"height\":512,\"caption\":\"Loris Doboj\"},\"image\":{\"@id\":\"https:\/\/loris.ba\/#\/schema\/logo\/image\/\"},\"sameAs\":[\"https:\/\/www.facebook.com\/lorisdoboj\/?locale=hr_HR\"]}]}<\/script>\n<!-- \/ Yoast SEO plugin. -->","yoast_head_json":{"title":"\u0160tap Abu Garcia rod devil 40-80g 274cm - Loris Doboj","description":"\u0160tap Abu Garcia rod devil 40-80g 274cm","robots":{"index":"index","follow":"follow","max-snippet":"max-snippet:-1","max-image-preview":"max-image-preview:large","max-video-preview":"max-video-preview:-1"},"canonical":"https:\/\/loris.ba\/index.php\/product\/stap-abu-garcia-rod-devil-40-80g-274cm\/","og_locale":"bs_BA","og_type":"article","og_title":"\u0160tap Abu Garcia rod devil 40-80g 274cm - Loris Doboj","og_description":"\u0160tap Abu Garcia rod devil 40-80g 274cm","og_url":"https:\/\/loris.ba\/index.php\/product\/stap-abu-garcia-rod-devil-40-80g-274cm\/","og_site_name":"Loris Doboj","article_publisher":"https:\/\/www.facebook.com\/lorisdoboj\/?locale=hr_HR","article_modified_time":"2025-03-25T09:15:57+00:00","og_image":[{"width":740,"height":676,"url":"https:\/\/loris.ba\/wp-content\/uploads\/2024\/07\/Stap-Abu-Garcia-rod-devil-5-15g-213cm.jpg","type":"image\/jpeg"}],"twitter_card":"summary_large_image","twitter_misc":{"Est. reading time":"1 minuta"},"schema":{"@context":"https:\/\/schema.org","@graph":[{"@type":"WebPage","@id":"https:\/\/loris.ba\/index.php\/product\/stap-abu-garcia-rod-devil-40-80g-274cm\/","url":"https:\/\/loris.ba\/index.php\/product\/stap-abu-garcia-rod-devil-40-80g-274cm\/","name":"\u0160tap Abu Garcia rod devil 40-80g 274cm - Loris Doboj","isPartOf":{"@id":"https:\/\/loris.ba\/#website"},"primaryImageOfPage":{"@id":"https:\/\/loris.ba\/index.php\/product\/stap-abu-garcia-rod-devil-40-80g-274cm\/#primaryimage"},"image":{"@id":"https:\/\/loris.ba\/index.php\/product\/stap-abu-garcia-rod-devil-40-80g-274cm\/#primaryimage"},"thumbnailUrl":"https:\/\/loris.ba\/wp-content\/uploads\/2024\/07\/Stap-Abu-Garcia-rod-devil-5-15g-213cm.jpg","datePublished":"2024-07-15T16:23:28+00:00","dateModified":"2025-03-25T09:15:57+00:00","description":"\u0160tap Abu Garcia rod devil 40-80g 274cm","breadcrumb":{"@id":"https:\/\/loris.ba\/index.php\/product\/stap-abu-garcia-rod-devil-40-80g-274cm\/#breadcrumb"},"inLanguage":"bs-BA","potentialAction":[{"@type":"ReadAction","target":["https:\/\/loris.ba\/index.php\/product\/stap-abu-garcia-rod-devil-40-80g-274cm\/"]}]},{"@type":"ImageObject","inLanguage":"bs-BA","@id":"https:\/\/loris.ba\/index.php\/product\/stap-abu-garcia-rod-devil-40-80g-274cm\/#primaryimage","url":"https:\/\/loris.ba\/wp-content\/uploads\/2024\/07\/Stap-Abu-Garcia-rod-devil-5-15g-213cm.jpg","contentUrl":"https:\/\/loris.ba\/wp-content\/uploads\/2024\/07\/Stap-Abu-Garcia-rod-devil-5-15g-213cm.jpg","width":740,"height":676,"caption":"\u0160tap Abu Garcia rod devil 5-15g 213cm"},{"@type":"BreadcrumbList","@id":"https:\/\/loris.ba\/index.php\/product\/stap-abu-garcia-rod-devil-40-80g-274cm\/#breadcrumb","itemListElement":[{"@type":"ListItem","position":1,"name":"Home","item":"https:\/\/loris.ba\/"},{"@type":"ListItem","position":2,"name":"Ribolova\u010dka oprema Loris Doboj","item":"https:\/\/loris.ba\/"},{"@type":"ListItem","position":3,"name":"\u0160tap Abu Garcia rod devil 40-80g 274cm"}]},{"@type":"WebSite","@id":"https:\/\/loris.ba\/#website","url":"https:\/\/loris.ba\/","name":"Loris Doboj","description":"Prodavnica opreme za lov i ribolov Doboj","publisher":{"@id":"https:\/\/loris.ba\/#organization"},"alternateName":"loris lov i ribolov","potentialAction":[{"@type":"SearchAction","target":{"@type":"EntryPoint","urlTemplate":"https:\/\/loris.ba\/?s={search_term_string}"},"query-input":{"@type":"PropertyValueSpecification","valueRequired":true,"valueName":"search_term_string"}}],"inLanguage":"bs-BA"},{"@type":"Organization","@id":"https:\/\/loris.ba\/#organization","name":"Loris Doboj","url":"https:\/\/loris.ba\/","logo":{"@type":"ImageObject","inLanguage":"bs-BA","@id":"https:\/\/loris.ba\/#\/schema\/logo\/image\/","url":"https:\/\/loris.ba\/wp-content\/uploads\/2024\/02\/cropped-android-chrome-512x512-1.png","contentUrl":"https:\/\/loris.ba\/wp-content\/uploads\/2024\/02\/cropped-android-chrome-512x512-1.png","width":512,"height":512,"caption":"Loris Doboj"},"image":{"@id":"https:\/\/loris.ba\/#\/schema\/logo\/image\/"},"sameAs":["https:\/\/www.facebook.com\/lorisdoboj\/?locale=hr_HR"]}]}},"jetpack_sharing_enabled":true,"brands":[{"id":217,"name":"Abu Garcia","slug":"abu-garcia"}],"_links":{"self":[{"href":"https:\/\/loris.ba\/index.php\/wp-json\/wp\/v2\/product\/5594","targetHints":{"allow":["GET"]}}],"collection":[{"href":"https:\/\/loris.ba\/index.php\/wp-json\/wp\/v2\/product"}],"about":[{"href":"https:\/\/loris.ba\/index.php\/wp-json\/wp\/v2\/types\/product"}],"wp:featuredmedia":[{"embeddable":true,"href":"https:\/\/loris.ba\/index.php\/wp-json\/wp\/v2\/media\/5593"}],"wp:attachment":[{"href":"https:\/\/loris.ba\/index.php\/wp-json\/wp\/v2\/media?parent=5594"}],"wp:term":[{"taxonomy":"pwb-brand","embeddable":true,"href":"https:\/\/loris.ba\/index.php\/wp-json\/wp\/v2\/pwb-brand?post=5594"},{"taxonomy":"product_brand","embeddable":true,"href":"https:\/\/loris.ba\/index.php\/wp-json\/wp\/v2\/product_brand?post=5594"},{"taxonomy":"product_cat","embeddable":true,"href":"https:\/\/loris.ba\/index.php\/wp-json\/wp\/v2\/product_cat?post=5594"},{"taxonomy":"product_tag","embeddable":true,"href":"https:\/\/loris.ba\/index.php\/wp-json\/wp\/v2\/product_tag?post=5594"}],"curies":[{"name":"wp","href":"https:\/\/api.w.org\/{rel}","templated":true}]}}