{"id":5971,"date":"2024-08-01T12:27:04","date_gmt":"2024-08-01T12:27:04","guid":{"rendered":"https:\/\/loris.ba\/?post_type=product&#038;p=5971"},"modified":"2025-04-02T12:12:43","modified_gmt":"2025-04-02T12:12:43","slug":"rola-mitchell-mx6-lite-2","status":"publish","type":"product","link":"https:\/\/loris.ba\/index.php\/product\/rola-mitchell-mx6-lite-2\/","title":{"rendered":"Ma\u0161inica Rola Mitchell MX6 Lite"},"content":{"rendered":"<ul>\n<li>SKU: 1551709<\/li>\n<li>Le\u017eajevi: 10<\/li>\n<li>Prijenos: 6.2:1<\/li>\n<li>Max povla\u010denje: 12lb | 5.4kg<\/li>\n<li>Mono kapacitet m\/mm: 210\/0.23 140\/0.28<\/li>\n<li>Uvla\u010denje: 85cm<\/li>\n<li>Veli\u010dina role: 3000<\/li>\n<li>Aluminijska \u0161pula<\/li>\n<li>Super lagano tijelo<\/li>\n<li>Carbonski rotor<\/li>\n<li>Aluminijska ru\u010dica<\/li>\n<\/ul>\n","protected":false},"excerpt":{"rendered":"<p>Varali\u010darska Rola Mitchell MX6 Lite sadr\u017ei 9+1 visokokvalitetne le\u017eajeve za vrlo gladak rad. Koriste se samo najlak\u0161i materijali: tijelo je izra\u0111eno od magnezija, a rotor od karbona.<\/p>\n","protected":false},"featured_media":5973,"template":"","meta":[],"pwb-brand":[227],"product_brand":[],"product_cat":[42],"product_tag":[676,677,464,675,284,596,674,479],"class_list":{"0":"post-5971","1":"product","2":"type-product","3":"status-publish","4":"has-post-thumbnail","6":"pwb-brand-mitchell","7":"product_cat-varalicarske-masinice","8":"product_tag-676","9":"product_tag-677","10":"product_tag-464","11":"product_tag-lite","12":"product_tag-loris-doboj","13":"product_tag-mitchell","14":"product_tag-mx6","15":"product_tag-rola","16":"pa_velicina-masinice-330","17":"pa_velicina-masinice-331","18":"pa_velicina-masinice-332","20":"first","21":"instock","22":"taxable","23":"shipping-taxable","24":"purchasable","25":"product-type-variable"},"yoast_head":"<!-- This site is optimized with the Yoast SEO plugin v25.0 - https:\/\/yoast.com\/wordpress\/plugins\/seo\/ -->\n<title>Ma\u0161inica Rola Mitchell MX6 Lite - Loris Doboj<\/title>\n<meta name=\"description\" content=\"Varali\u010darska Rola Mitchell MX6 Lite sadr\u017ei 9+1 le\u017eaja za vrlo gladak rad. Tijelo je izra\u0111eno od magnezija, a rotor od karbona.\u00a0Loris Doboj\" \/>\n<meta name=\"robots\" content=\"index, follow, max-snippet:-1, max-image-preview:large, max-video-preview:-1\" \/>\n<link rel=\"canonical\" href=\"https:\/\/loris.ba\/index.php\/product\/rola-mitchell-mx6-lite-2\/\" \/>\n<meta property=\"og:locale\" content=\"bs_BA\" \/>\n<meta property=\"og:type\" content=\"article\" \/>\n<meta property=\"og:title\" content=\"Ma\u0161inica Rola Mitchell MX6 Lite - Loris Doboj\" \/>\n<meta property=\"og:description\" content=\"Varali\u010darska Rola Mitchell MX6 Lite sadr\u017ei 9+1 le\u017eaja za vrlo gladak rad. Tijelo je izra\u0111eno od magnezija, a rotor od karbona.\u00a0Loris Doboj\" \/>\n<meta property=\"og:url\" content=\"https:\/\/loris.ba\/index.php\/product\/rola-mitchell-mx6-lite-2\/\" \/>\n<meta property=\"og:site_name\" content=\"Loris Doboj\" \/>\n<meta property=\"article:publisher\" content=\"https:\/\/www.facebook.com\/lorisdoboj\/?locale=hr_HR\" \/>\n<meta property=\"article:modified_time\" content=\"2025-04-02T12:12:43+00:00\" \/>\n<meta property=\"og:image\" content=\"https:\/\/loris.ba\/wp-content\/uploads\/2024\/08\/Rola-Mitchell-MX6-Lite-1.jpg\" \/>\n\t<meta property=\"og:image:width\" content=\"750\" \/>\n\t<meta property=\"og:image:height\" content=\"750\" \/>\n\t<meta property=\"og:image:type\" content=\"image\/jpeg\" \/>\n<meta name=\"twitter:card\" content=\"summary_large_image\" \/>\n<meta name=\"twitter:label1\" content=\"Est. reading time\" \/>\n\t<meta name=\"twitter:data1\" content=\"1 minuta\" \/>\n<script type=\"application\/ld+json\" class=\"yoast-schema-graph\">{\"@context\":\"https:\/\/schema.org\",\"@graph\":[{\"@type\":\"WebPage\",\"@id\":\"https:\/\/loris.ba\/index.php\/product\/rola-mitchell-mx6-lite-2\/\",\"url\":\"https:\/\/loris.ba\/index.php\/product\/rola-mitchell-mx6-lite-2\/\",\"name\":\"Ma\u0161inica Rola Mitchell MX6 Lite - Loris Doboj\",\"isPartOf\":{\"@id\":\"https:\/\/loris.ba\/#website\"},\"primaryImageOfPage\":{\"@id\":\"https:\/\/loris.ba\/index.php\/product\/rola-mitchell-mx6-lite-2\/#primaryimage\"},\"image\":{\"@id\":\"https:\/\/loris.ba\/index.php\/product\/rola-mitchell-mx6-lite-2\/#primaryimage\"},\"thumbnailUrl\":\"https:\/\/loris.ba\/wp-content\/uploads\/2024\/08\/Rola-Mitchell-MX6-Lite-1.jpg\",\"datePublished\":\"2024-08-01T12:27:04+00:00\",\"dateModified\":\"2025-04-02T12:12:43+00:00\",\"description\":\"Varali\u010darska Rola Mitchell MX6 Lite sadr\u017ei 9+1 le\u017eaja za vrlo gladak rad. Tijelo je izra\u0111eno od magnezija, a rotor od karbona.\u00a0Loris Doboj\",\"breadcrumb\":{\"@id\":\"https:\/\/loris.ba\/index.php\/product\/rola-mitchell-mx6-lite-2\/#breadcrumb\"},\"inLanguage\":\"bs-BA\",\"potentialAction\":[{\"@type\":\"ReadAction\",\"target\":[\"https:\/\/loris.ba\/index.php\/product\/rola-mitchell-mx6-lite-2\/\"]}]},{\"@type\":\"ImageObject\",\"inLanguage\":\"bs-BA\",\"@id\":\"https:\/\/loris.ba\/index.php\/product\/rola-mitchell-mx6-lite-2\/#primaryimage\",\"url\":\"https:\/\/loris.ba\/wp-content\/uploads\/2024\/08\/Rola-Mitchell-MX6-Lite-1.jpg\",\"contentUrl\":\"https:\/\/loris.ba\/wp-content\/uploads\/2024\/08\/Rola-Mitchell-MX6-Lite-1.jpg\",\"width\":750,\"height\":750,\"caption\":\"Rola Mitchell MX6 Lite\"},{\"@type\":\"BreadcrumbList\",\"@id\":\"https:\/\/loris.ba\/index.php\/product\/rola-mitchell-mx6-lite-2\/#breadcrumb\",\"itemListElement\":[{\"@type\":\"ListItem\",\"position\":1,\"name\":\"Home\",\"item\":\"https:\/\/loris.ba\/\"},{\"@type\":\"ListItem\",\"position\":2,\"name\":\"Ribolova\u010dka oprema Loris Doboj\",\"item\":\"https:\/\/loris.ba\/\"},{\"@type\":\"ListItem\",\"position\":3,\"name\":\"Ma\u0161inica Rola Mitchell MX6 Lite\"}]},{\"@type\":\"WebSite\",\"@id\":\"https:\/\/loris.ba\/#website\",\"url\":\"https:\/\/loris.ba\/\",\"name\":\"Loris Doboj\",\"description\":\"Prodavnica opreme za lov i ribolov Doboj\",\"publisher\":{\"@id\":\"https:\/\/loris.ba\/#organization\"},\"alternateName\":\"loris lov i ribolov\",\"potentialAction\":[{\"@type\":\"SearchAction\",\"target\":{\"@type\":\"EntryPoint\",\"urlTemplate\":\"https:\/\/loris.ba\/?s={search_term_string}\"},\"query-input\":{\"@type\":\"PropertyValueSpecification\",\"valueRequired\":true,\"valueName\":\"search_term_string\"}}],\"inLanguage\":\"bs-BA\"},{\"@type\":\"Organization\",\"@id\":\"https:\/\/loris.ba\/#organization\",\"name\":\"Loris Doboj\",\"url\":\"https:\/\/loris.ba\/\",\"logo\":{\"@type\":\"ImageObject\",\"inLanguage\":\"bs-BA\",\"@id\":\"https:\/\/loris.ba\/#\/schema\/logo\/image\/\",\"url\":\"https:\/\/loris.ba\/wp-content\/uploads\/2024\/02\/cropped-android-chrome-512x512-1.png\",\"contentUrl\":\"https:\/\/loris.ba\/wp-content\/uploads\/2024\/02\/cropped-android-chrome-512x512-1.png\",\"width\":512,\"height\":512,\"caption\":\"Loris Doboj\"},\"image\":{\"@id\":\"https:\/\/loris.ba\/#\/schema\/logo\/image\/\"},\"sameAs\":[\"https:\/\/www.facebook.com\/lorisdoboj\/?locale=hr_HR\"]}]}<\/script>\n<!-- \/ Yoast SEO plugin. -->","yoast_head_json":{"title":"Ma\u0161inica Rola Mitchell MX6 Lite - Loris Doboj","description":"Varali\u010darska Rola Mitchell MX6 Lite sadr\u017ei 9+1 le\u017eaja za vrlo gladak rad. Tijelo je izra\u0111eno od magnezija, a rotor od karbona.\u00a0Loris Doboj","robots":{"index":"index","follow":"follow","max-snippet":"max-snippet:-1","max-image-preview":"max-image-preview:large","max-video-preview":"max-video-preview:-1"},"canonical":"https:\/\/loris.ba\/index.php\/product\/rola-mitchell-mx6-lite-2\/","og_locale":"bs_BA","og_type":"article","og_title":"Ma\u0161inica Rola Mitchell MX6 Lite - Loris Doboj","og_description":"Varali\u010darska Rola Mitchell MX6 Lite sadr\u017ei 9+1 le\u017eaja za vrlo gladak rad. Tijelo je izra\u0111eno od magnezija, a rotor od karbona.\u00a0Loris Doboj","og_url":"https:\/\/loris.ba\/index.php\/product\/rola-mitchell-mx6-lite-2\/","og_site_name":"Loris Doboj","article_publisher":"https:\/\/www.facebook.com\/lorisdoboj\/?locale=hr_HR","article_modified_time":"2025-04-02T12:12:43+00:00","og_image":[{"width":750,"height":750,"url":"https:\/\/loris.ba\/wp-content\/uploads\/2024\/08\/Rola-Mitchell-MX6-Lite-1.jpg","type":"image\/jpeg"}],"twitter_card":"summary_large_image","twitter_misc":{"Est. reading time":"1 minuta"},"schema":{"@context":"https:\/\/schema.org","@graph":[{"@type":"WebPage","@id":"https:\/\/loris.ba\/index.php\/product\/rola-mitchell-mx6-lite-2\/","url":"https:\/\/loris.ba\/index.php\/product\/rola-mitchell-mx6-lite-2\/","name":"Ma\u0161inica Rola Mitchell MX6 Lite - Loris Doboj","isPartOf":{"@id":"https:\/\/loris.ba\/#website"},"primaryImageOfPage":{"@id":"https:\/\/loris.ba\/index.php\/product\/rola-mitchell-mx6-lite-2\/#primaryimage"},"image":{"@id":"https:\/\/loris.ba\/index.php\/product\/rola-mitchell-mx6-lite-2\/#primaryimage"},"thumbnailUrl":"https:\/\/loris.ba\/wp-content\/uploads\/2024\/08\/Rola-Mitchell-MX6-Lite-1.jpg","datePublished":"2024-08-01T12:27:04+00:00","dateModified":"2025-04-02T12:12:43+00:00","description":"Varali\u010darska Rola Mitchell MX6 Lite sadr\u017ei 9+1 le\u017eaja za vrlo gladak rad. Tijelo je izra\u0111eno od magnezija, a rotor od karbona.\u00a0Loris Doboj","breadcrumb":{"@id":"https:\/\/loris.ba\/index.php\/product\/rola-mitchell-mx6-lite-2\/#breadcrumb"},"inLanguage":"bs-BA","potentialAction":[{"@type":"ReadAction","target":["https:\/\/loris.ba\/index.php\/product\/rola-mitchell-mx6-lite-2\/"]}]},{"@type":"ImageObject","inLanguage":"bs-BA","@id":"https:\/\/loris.ba\/index.php\/product\/rola-mitchell-mx6-lite-2\/#primaryimage","url":"https:\/\/loris.ba\/wp-content\/uploads\/2024\/08\/Rola-Mitchell-MX6-Lite-1.jpg","contentUrl":"https:\/\/loris.ba\/wp-content\/uploads\/2024\/08\/Rola-Mitchell-MX6-Lite-1.jpg","width":750,"height":750,"caption":"Rola Mitchell MX6 Lite"},{"@type":"BreadcrumbList","@id":"https:\/\/loris.ba\/index.php\/product\/rola-mitchell-mx6-lite-2\/#breadcrumb","itemListElement":[{"@type":"ListItem","position":1,"name":"Home","item":"https:\/\/loris.ba\/"},{"@type":"ListItem","position":2,"name":"Ribolova\u010dka oprema Loris Doboj","item":"https:\/\/loris.ba\/"},{"@type":"ListItem","position":3,"name":"Ma\u0161inica Rola Mitchell MX6 Lite"}]},{"@type":"WebSite","@id":"https:\/\/loris.ba\/#website","url":"https:\/\/loris.ba\/","name":"Loris Doboj","description":"Prodavnica opreme za lov i ribolov Doboj","publisher":{"@id":"https:\/\/loris.ba\/#organization"},"alternateName":"loris lov i ribolov","potentialAction":[{"@type":"SearchAction","target":{"@type":"EntryPoint","urlTemplate":"https:\/\/loris.ba\/?s={search_term_string}"},"query-input":{"@type":"PropertyValueSpecification","valueRequired":true,"valueName":"search_term_string"}}],"inLanguage":"bs-BA"},{"@type":"Organization","@id":"https:\/\/loris.ba\/#organization","name":"Loris Doboj","url":"https:\/\/loris.ba\/","logo":{"@type":"ImageObject","inLanguage":"bs-BA","@id":"https:\/\/loris.ba\/#\/schema\/logo\/image\/","url":"https:\/\/loris.ba\/wp-content\/uploads\/2024\/02\/cropped-android-chrome-512x512-1.png","contentUrl":"https:\/\/loris.ba\/wp-content\/uploads\/2024\/02\/cropped-android-chrome-512x512-1.png","width":512,"height":512,"caption":"Loris Doboj"},"image":{"@id":"https:\/\/loris.ba\/#\/schema\/logo\/image\/"},"sameAs":["https:\/\/www.facebook.com\/lorisdoboj\/?locale=hr_HR"]}]}},"jetpack_sharing_enabled":true,"brands":[{"id":227,"name":"Mitchell","slug":"mitchell"}],"_links":{"self":[{"href":"https:\/\/loris.ba\/index.php\/wp-json\/wp\/v2\/product\/5971","targetHints":{"allow":["GET"]}}],"collection":[{"href":"https:\/\/loris.ba\/index.php\/wp-json\/wp\/v2\/product"}],"about":[{"href":"https:\/\/loris.ba\/index.php\/wp-json\/wp\/v2\/types\/product"}],"wp:featuredmedia":[{"embeddable":true,"href":"https:\/\/loris.ba\/index.php\/wp-json\/wp\/v2\/media\/5973"}],"wp:attachment":[{"href":"https:\/\/loris.ba\/index.php\/wp-json\/wp\/v2\/media?parent=5971"}],"wp:term":[{"taxonomy":"pwb-brand","embeddable":true,"href":"https:\/\/loris.ba\/index.php\/wp-json\/wp\/v2\/pwb-brand?post=5971"},{"taxonomy":"product_brand","embeddable":true,"href":"https:\/\/loris.ba\/index.php\/wp-json\/wp\/v2\/product_brand?post=5971"},{"taxonomy":"product_cat","embeddable":true,"href":"https:\/\/loris.ba\/index.php\/wp-json\/wp\/v2\/product_cat?post=5971"},{"taxonomy":"product_tag","embeddable":true,"href":"https:\/\/loris.ba\/index.php\/wp-json\/wp\/v2\/product_tag?post=5971"}],"curies":[{"name":"wp","href":"https:\/\/api.w.org\/{rel}","templated":true}]}}